{"id":2351,"date":"2022-07-22T15:53:03","date_gmt":"2022-07-22T15:53:03","guid":{"rendered":"https:\/\/nauthemes.com\/wp\/jocey\/?page_id=2351"},"modified":"2025-02-25T13:11:53","modified_gmt":"2025-02-25T13:11:53","slug":"students-gallery","status":"publish","type":"page","link":"https:\/\/starke-eltern-ev.de\/?page_id=2351","title":{"rendered":"Galerie"},"content":{"rendered":"\t\t<div data-elementor-type=\"wp-page\" data-elementor-id=\"2351\" class=\"elementor elementor-2351\" data-elementor-post-type=\"page\">\n\t\t\t\t\t\t<section class=\"elementor-section elementor-top-section elementor-element elementor-element-d7e5929 elementor-section-full_width elementor-section-stretched elementor-section-height-default elementor-section-height-default\" data-id=\"d7e5929\" data-element_type=\"section\" data-settings=\"{&quot;stretch_section&quot;:&quot;section-stretched&quot;}\">\n\t\t\t\t\t\t<div class=\"elementor-container elementor-column-gap-no\">\n\t\t\t\t\t<div class=\"elementor-column elementor-col-100 elementor-top-column elementor-element elementor-element-14066a7\" data-id=\"14066a7\" data-element_type=\"column\">\n\t\t\t<div class=\"elementor-widget-wrap elementor-element-populated\">\n\t\t\t\t\t\t<div class=\"elementor-element elementor-element-b98fed2 elementor-widget elementor-widget-about_gallery\" data-id=\"b98fed2\" data-element_type=\"widget\" data-widget_type=\"about_gallery.default\">\n\t\t\t\t<div class=\"elementor-widget-container\">\n\t\t\t\t\t\n\t<section>\n\t\t<div class=\"w-100 pt-100  opc95 pb-100 position-relative\">\n\t\t\t\t\t\t<div class=\"container\">\n\t\t\t\t<div class=\"about-wrap2 position-relative w-100\">\n\t\t\t\t\t<div class=\"row mrg30\">\n\t\t\t\t\t\t<div class=\"col-md-12 col-sm-12 col-lg-6 order-lg-1\">\n\t\t\t\t\t\t\t<div class=\"about-gal w-100\">\n\t\t\t\t\t\t\t\t\t\t\t\t\t\t\t\t\t<div class=\"row align-items-end mrg20\">\n\t\t\t\t\t\t\t\t\t\t\t\t\t\t\t\t\t\t\t\t\t<div class=\"col-md-6 col-sm-6 col-lg-6\">\n\t\t\t\t\t\t\t\t\t\t\t\t<div class=\"about-gal-img brd-rd10 overflow-hidden position-relative w-100\">\n\t\t\t\t\t\t\t\t\t\t\t\t\t<a href=\"https:\/\/starke-eltern-ev.de\/wp-content\/uploads\/2025\/02\/fff15326-ceee-4944-af78-f51895988b97.jpeg\" data-fancybox=\"gallery\" title=\"\"><img decoding=\"async\" class=\"img-fluid w-100\" src=\"https:\/\/starke-eltern-ev.de\/wp-content\/uploads\/2025\/02\/fff15326-ceee-4944-af78-f51895988b97.jpeg\" alt=\"About Gallery Image 1\"><\/a>\n\t\t\t\t\t\t\t\t\t\t\t\t<\/div>\n\t\t\t\t\t\t\t\t\t\t\t<\/div>\n\t\t\t\t\t\t\t\t\t\t\t\t\t\t\t\t\t\t\t\t\t\t\t\t\t\t\t\t\t\t\t<div class=\"col-md-6 col-sm-6 col-lg-6\">\n\t\t\t\t\t\t\t\t\t\t\t\t<div class=\"about-gal-img brd-rd10 overflow-hidden position-relative w-100\">\n\t\t\t\t\t\t\t\t\t\t\t\t\t<a href=\"https:\/\/starke-eltern-ev.de\/wp-content\/uploads\/2025\/02\/87655339-4ce3-4c3a-aa70-2fa77121903a.jpeg\" data-fancybox=\"gallery\" title=\"\"><img decoding=\"async\" class=\"img-fluid w-100\" src=\"https:\/\/starke-eltern-ev.de\/wp-content\/uploads\/2025\/02\/87655339-4ce3-4c3a-aa70-2fa77121903a.jpeg\" alt=\"About Gallery Image 2\"><\/a>\n\t\t\t\t\t\t\t\t\t\t\t\t<\/div>\n\t\t\t\t\t\t\t\t\t\t\t<\/div>\n\t\t\t\t\t\t\t\t\t\t\t\t\t\t\t\t\t\t\t<\/div>\n\t\t\t\t\t\t\t\t\t\t\t\t\t\t\t\t\t\t\t\t\t\t\t\t\t<div class=\"row mrg20\">\n\t\t\t\t\t\t\t\t\t\t\n\t\t\t\t\t\t\t\t\t\t<div class=\"col-md-6 col-sm-6 col-lg-6\">\n\t\t\t\t\t\t\t\t\t\t\t<div class=\"about-gal-img brd-rd10 brd-rd10 overflow-hidden position-relative w-100\">\n\t\t\t\t\t\t\t\t\t\t\t\t<a href=\"https:\/\/starke-eltern-ev.de\/wp-content\/uploads\/2025\/02\/db70c3b4-64cb-423d-9b2d-f61273f9cbcd-768x576-1.jpeg\" data-fancybox=\"gallery\" title=\"\"><img decoding=\"async\" class=\"img-fluid w-100\" src=\"https:\/\/starke-eltern-ev.de\/wp-content\/uploads\/2025\/02\/db70c3b4-64cb-423d-9b2d-f61273f9cbcd-768x576-1.jpeg\" alt=\"About Gallery Image 3\"><\/a>\n\t\t\t\t\t\t\t\t\t\t\t<\/div>\n\t\t\t\t\t\t\t\t\t\t<\/div>\n\t\t\t\t\t\t\t\t\t\t\t\t\t\t\t\t\t\t\t\t\t\t\t\t\t\t\t\t<div class=\"col-md-6 col-sm-6 col-lg-6\">\n\t\t\t\t\t\t\t\t\t\t\t<div class=\"about-gal-img brd-rd10 overflow-hidden position-relative w-100\">\n\t\t\t\t\t\t\t\t\t\t\t\t\t\t\t\t\t\t\t\t\t\t\t\t<a class=\"about-play-btn spinner thm-clr rounded-circle\" href=\"https:\/\/www.youtube.com\/watch?v=R_-lMUSx2Gg\" data-fancybox title=\"\"><i class=\"fas fa-play-circle\"><\/i><\/a>\n\t\t\t\t\t\t\t\t\t\t\t\t\t\t\t\t\t\t\t\t\t\t\t\t<img decoding=\"async\" class=\"img-fluid w-100\" src=\"https:\/\/starke-eltern-ev.de\/wp-content\/uploads\/2025\/02\/f66436db-0216-4799-9e58-6e1dcad49768-1024x693-1.jpeg\" alt=\"About Gallery Image 4\">\n\t\t\t\t\t\t\t\t\t\t\t<\/div>\n\t\t\t\t\t\t\t\t\t\t<\/div>\n\t\t\t\t\t\t\t\t\t\t\t\t\t\t\t\t\t\t\t<\/div>\n\t\t\t\t\t\t\t\t\t\t\t\t\t\t\t<\/div>\n\t\t\t\t\t\t<\/div>\n\t\t\t\t\t\n\t\t\t\t\t\t<div class=\"col-md-12 col-sm-12 col-lg-6\">\n\t\t\t\t\t\t\t<div class=\"about-desc w-100\">\n\t\t\t\t\t\t\t\t<span class=\"thm-clr d-inline-block\">Professionelle Hilfe in Ihrer N\u00e4he<\/span>\t\t\t\t\t\t\t\t<h2 class=\"mb-0\">Professionelle Unterst\u00fctzung steht Ihnen in Ihrer N\u00e4he zur Verf\u00fcgung.<\/h2>\t\t\t\t\t\t\t\t\t\t\t\t\t\t\t\t<p>Unser engagiertes Team von Fachleuten bietet ma\u00dfgeschneiderte Unterst\u00fctzung und Dienstleistungen, um Menschen mit Autismus zu helfen, ihr Potenzial voll auszusch\u00f6pfen. Egal, ob Sie Beratung, Therapie oder einfach jemanden zum Reden suchen, wir sind hier, um Ihnen mit Expertise und F\u00fcrsorge zu helfen.<\/p>\n<p>Kontaktieren Sie uns noch heute, um die verf\u00fcgbaren Ressourcen in Ihrer N\u00e4he zu entdecken und den ersten Schritt in eine bessere Zukunft zu machen.<\/p>\n\t\t\t\t\t\t\t\t<!-- Appointment Hours -->\n\t\t\t\t\t\t\t\t\t\t\t\t\t\t\t\t\t<span class=\"about-time d-block\">\n\t\t\t\t\t\t\t\t\t\t\t\t\t\t\t\t\t\t\tMontag bis Freitag, 08:00 - 17:00 Uhr<\/span>\n\t\t\t\t\t\t\t\t\t\t\t\t\t\t\t\t<!-- Appointment Hours Ends-->\n\t\t\t\t\t\t\t<\/div>\n\t\t\t\t\t\t<\/div>\n\t\t\t\t\t<\/div>\n\t\t\t\t<\/div><!-- About Wrap 2 -->\n\t\t\t<\/div>\n\t\t<\/div>\n\t<\/section>\n\t\n    \t\t\t\t<\/div>\n\t\t\t\t<\/div>\n\t\t\t\t\t<\/div>\n\t\t<\/div>\n\t\t\t\t\t<\/div>\n\t\t<\/section>\n\t\t<div class=\"elementor-element elementor-element-6aae804 e-flex e-con-boxed e-con e-parent\" data-id=\"6aae804\" data-element_type=\"container\">\n\t\t\t\t\t<div class=\"e-con-inner\">\n\t\t\t\t<div class=\"elementor-element elementor-element-e32c2a9 elementor-widget elementor-widget-gallery\" data-id=\"e32c2a9\" data-element_type=\"widget\" data-settings=\"{&quot;gallery_layout&quot;:&quot;justified&quot;,&quot;lazyload&quot;:&quot;yes&quot;,&quot;ideal_row_height&quot;:{&quot;unit&quot;:&quot;px&quot;,&quot;size&quot;:200,&quot;sizes&quot;:[]},&quot;ideal_row_height_tablet&quot;:{&quot;unit&quot;:&quot;px&quot;,&quot;size&quot;:150,&quot;sizes&quot;:[]},&quot;ideal_row_height_mobile&quot;:{&quot;unit&quot;:&quot;px&quot;,&quot;size&quot;:150,&quot;sizes&quot;:[]},&quot;gap&quot;:{&quot;unit&quot;:&quot;px&quot;,&quot;size&quot;:10,&quot;sizes&quot;:[]},&quot;gap_tablet&quot;:{&quot;unit&quot;:&quot;px&quot;,&quot;size&quot;:10,&quot;sizes&quot;:[]},&quot;gap_mobile&quot;:{&quot;unit&quot;:&quot;px&quot;,&quot;size&quot;:10,&quot;sizes&quot;:[]},&quot;link_to&quot;:&quot;file&quot;,&quot;overlay_background&quot;:&quot;yes&quot;,&quot;content_hover_animation&quot;:&quot;fade-in&quot;}\" data-widget_type=\"gallery.default\">\n\t\t\t\t<div class=\"elementor-widget-container\">\n\t\t\t\t\t\t\t<div class=\"elementor-gallery__container\">\n\t\t\t\t\t\t\t<a class=\"e-gallery-item elementor-gallery-item elementor-animated-content\" href=\"https:\/\/starke-eltern-ev.de\/wp-content\/uploads\/2025\/02\/fff15326-ceee-4944-af78-f51895988b97.jpeg\" data-elementor-open-lightbox=\"yes\" data-elementor-lightbox-slideshow=\"e32c2a9\" data-elementor-lightbox-title=\"fff15326-ceee-4944-af78-f51895988b97\" data-e-action-hash=\"#elementor-action%3Aaction%3Dlightbox%26settings%3DeyJpZCI6NzQ3MywidXJsIjoiaHR0cHM6XC9cL3N0YXJrZS1lbHRlcm4tZXYuZGVcL3dwLWNvbnRlbnRcL3VwbG9hZHNcLzIwMjVcLzAyXC9mZmYxNTMyNi1jZWVlLTQ5NDQtYWY3OC1mNTE4OTU5ODhiOTcuanBlZyIsInNsaWRlc2hvdyI6ImUzMmMyYTkifQ%3D%3D\">\n\t\t\t\t\t<div class=\"e-gallery-image elementor-gallery-item__image\" data-thumbnail=\"https:\/\/starke-eltern-ev.de\/wp-content\/uploads\/2025\/02\/fff15326-ceee-4944-af78-f51895988b97-300x225.jpeg\" data-width=\"300\" data-height=\"225\" aria-label=\"\" role=\"img\" ><\/div>\n\t\t\t\t\t\t\t\t\t\t\t<div class=\"elementor-gallery-item__overlay\"><\/div>\n\t\t\t\t\t\t\t\t\t\t\t\t\t\t<\/a>\n\t\t\t\t\t\t\t<a class=\"e-gallery-item elementor-gallery-item elementor-animated-content\" href=\"https:\/\/starke-eltern-ev.de\/wp-content\/uploads\/2025\/02\/87655339-4ce3-4c3a-aa70-2fa77121903a.jpeg\" data-elementor-open-lightbox=\"yes\" data-elementor-lightbox-slideshow=\"e32c2a9\" data-elementor-lightbox-title=\"87655339-4ce3-4c3a-aa70-2fa77121903a\" data-e-action-hash=\"#elementor-action%3Aaction%3Dlightbox%26settings%3DeyJpZCI6NzQ3MiwidXJsIjoiaHR0cHM6XC9cL3N0YXJrZS1lbHRlcm4tZXYuZGVcL3dwLWNvbnRlbnRcL3VwbG9hZHNcLzIwMjVcLzAyXC84NzY1NTMzOS00Y2UzLTRjM2EtYWE3MC0yZmE3NzEyMTkwM2EuanBlZyIsInNsaWRlc2hvdyI6ImUzMmMyYTkifQ%3D%3D\">\n\t\t\t\t\t<div class=\"e-gallery-image elementor-gallery-item__image\" data-thumbnail=\"https:\/\/starke-eltern-ev.de\/wp-content\/uploads\/2025\/02\/87655339-4ce3-4c3a-aa70-2fa77121903a-225x300.jpeg\" data-width=\"225\" data-height=\"300\" aria-label=\"\" role=\"img\" ><\/div>\n\t\t\t\t\t\t\t\t\t\t\t<div class=\"elementor-gallery-item__overlay\"><\/div>\n\t\t\t\t\t\t\t\t\t\t\t\t\t\t<\/a>\n\t\t\t\t\t\t\t<a class=\"e-gallery-item elementor-gallery-item elementor-animated-content\" href=\"https:\/\/starke-eltern-ev.de\/wp-content\/uploads\/2025\/02\/db70c3b4-64cb-423d-9b2d-f61273f9cbcd-768x576-1.jpeg\" data-elementor-open-lightbox=\"yes\" data-elementor-lightbox-slideshow=\"e32c2a9\" data-elementor-lightbox-title=\"db70c3b4-64cb-423d-9b2d-f61273f9cbcd-768x576\" data-e-action-hash=\"#elementor-action%3Aaction%3Dlightbox%26settings%3DeyJpZCI6NzQ3MSwidXJsIjoiaHR0cHM6XC9cL3N0YXJrZS1lbHRlcm4tZXYuZGVcL3dwLWNvbnRlbnRcL3VwbG9hZHNcLzIwMjVcLzAyXC9kYjcwYzNiNC02NGNiLTQyM2QtOWIyZC1mNjEyNzNmOWNiY2QtNzY4eDU3Ni0xLmpwZWciLCJzbGlkZXNob3ciOiJlMzJjMmE5In0%3D\">\n\t\t\t\t\t<div class=\"e-gallery-image elementor-gallery-item__image\" data-thumbnail=\"https:\/\/starke-eltern-ev.de\/wp-content\/uploads\/2025\/02\/db70c3b4-64cb-423d-9b2d-f61273f9cbcd-768x576-1-300x225.jpeg\" data-width=\"300\" data-height=\"225\" aria-label=\"\" role=\"img\" ><\/div>\n\t\t\t\t\t\t\t\t\t\t\t<div class=\"elementor-gallery-item__overlay\"><\/div>\n\t\t\t\t\t\t\t\t\t\t\t\t\t\t<\/a>\n\t\t\t\t\t\t\t<a class=\"e-gallery-item elementor-gallery-item elementor-animated-content\" href=\"https:\/\/starke-eltern-ev.de\/wp-content\/uploads\/2025\/02\/f66436db-0216-4799-9e58-6e1dcad49768-1024x693-1.jpeg\" data-elementor-open-lightbox=\"yes\" data-elementor-lightbox-slideshow=\"e32c2a9\" data-elementor-lightbox-title=\"f66436db-0216-4799-9e58-6e1dcad49768-1024x693\" data-e-action-hash=\"#elementor-action%3Aaction%3Dlightbox%26settings%3DeyJpZCI6NzQ3MCwidXJsIjoiaHR0cHM6XC9cL3N0YXJrZS1lbHRlcm4tZXYuZGVcL3dwLWNvbnRlbnRcL3VwbG9hZHNcLzIwMjVcLzAyXC9mNjY0MzZkYi0wMjE2LTQ3OTktOWU1OC02ZTFkY2FkNDk3NjgtMTAyNHg2OTMtMS5qcGVnIiwic2xpZGVzaG93IjoiZTMyYzJhOSJ9\">\n\t\t\t\t\t<div class=\"e-gallery-image elementor-gallery-item__image\" data-thumbnail=\"https:\/\/starke-eltern-ev.de\/wp-content\/uploads\/2025\/02\/f66436db-0216-4799-9e58-6e1dcad49768-1024x693-1-300x203.jpeg\" data-width=\"300\" data-height=\"203\" aria-label=\"\" role=\"img\" ><\/div>\n\t\t\t\t\t\t\t\t\t\t\t<div class=\"elementor-gallery-item__overlay\"><\/div>\n\t\t\t\t\t\t\t\t\t\t\t\t\t\t<\/a>\n\t\t\t\t\t\t\t<a class=\"e-gallery-item elementor-gallery-item elementor-animated-content\" href=\"https:\/\/starke-eltern-ev.de\/wp-content\/uploads\/2025\/02\/services-img.jpg\" data-elementor-open-lightbox=\"yes\" data-elementor-lightbox-slideshow=\"e32c2a9\" data-elementor-lightbox-title=\"services-img\" data-e-action-hash=\"#elementor-action%3Aaction%3Dlightbox%26settings%3DeyJpZCI6NzQ1MiwidXJsIjoiaHR0cHM6XC9cL3N0YXJrZS1lbHRlcm4tZXYuZGVcL3dwLWNvbnRlbnRcL3VwbG9hZHNcLzIwMjVcLzAyXC9zZXJ2aWNlcy1pbWcuanBnIiwic2xpZGVzaG93IjoiZTMyYzJhOSJ9\">\n\t\t\t\t\t<div class=\"e-gallery-image elementor-gallery-item__image\" data-thumbnail=\"https:\/\/starke-eltern-ev.de\/wp-content\/uploads\/2025\/02\/services-img-300x300.jpg\" data-width=\"300\" data-height=\"300\" aria-label=\"\" role=\"img\" ><\/div>\n\t\t\t\t\t\t\t\t\t\t\t<div class=\"elementor-gallery-item__overlay\"><\/div>\n\t\t\t\t\t\t\t\t\t\t\t\t\t\t<\/a>\n\t\t\t\t\t\t\t<a class=\"e-gallery-item elementor-gallery-item elementor-animated-content\" href=\"https:\/\/starke-eltern-ev.de\/wp-content\/uploads\/2025\/02\/8d464276-c534-4cb2-b359-2d899cd1eb08.jpeg\" data-elementor-open-lightbox=\"yes\" data-elementor-lightbox-slideshow=\"e32c2a9\" data-elementor-lightbox-title=\"8d464276-c534-4cb2-b359-2d899cd1eb08\" data-e-action-hash=\"#elementor-action%3Aaction%3Dlightbox%26settings%3DeyJpZCI6NzQ2OCwidXJsIjoiaHR0cHM6XC9cL3N0YXJrZS1lbHRlcm4tZXYuZGVcL3dwLWNvbnRlbnRcL3VwbG9hZHNcLzIwMjVcLzAyXC84ZDQ2NDI3Ni1jNTM0LTRjYjItYjM1OS0yZDg5OWNkMWViMDguanBlZyIsInNsaWRlc2hvdyI6ImUzMmMyYTkifQ%3D%3D\">\n\t\t\t\t\t<div class=\"e-gallery-image elementor-gallery-item__image\" data-thumbnail=\"https:\/\/starke-eltern-ev.de\/wp-content\/uploads\/2025\/02\/8d464276-c534-4cb2-b359-2d899cd1eb08-225x300.jpeg\" data-width=\"225\" data-height=\"300\" aria-label=\"\" role=\"img\" ><\/div>\n\t\t\t\t\t\t\t\t\t\t\t<div class=\"elementor-gallery-item__overlay\"><\/div>\n\t\t\t\t\t\t\t\t\t\t\t\t\t\t<\/a>\n\t\t\t\t\t\t\t<a class=\"e-gallery-item elementor-gallery-item elementor-animated-content\" href=\"https:\/\/starke-eltern-ev.de\/wp-content\/uploads\/2025\/02\/f04f4e0e-be89-4d91-9bc8-abb92d50dcb6.jpeg\" data-elementor-open-lightbox=\"yes\" data-elementor-lightbox-slideshow=\"e32c2a9\" data-elementor-lightbox-title=\"f04f4e0e-be89-4d91-9bc8-abb92d50dcb6\" data-e-action-hash=\"#elementor-action%3Aaction%3Dlightbox%26settings%3DeyJpZCI6NzQ2OSwidXJsIjoiaHR0cHM6XC9cL3N0YXJrZS1lbHRlcm4tZXYuZGVcL3dwLWNvbnRlbnRcL3VwbG9hZHNcLzIwMjVcLzAyXC9mMDRmNGUwZS1iZTg5LTRkOTEtOWJjOC1hYmI5MmQ1MGRjYjYuanBlZyIsInNsaWRlc2hvdyI6ImUzMmMyYTkifQ%3D%3D\">\n\t\t\t\t\t<div class=\"e-gallery-image elementor-gallery-item__image\" data-thumbnail=\"https:\/\/starke-eltern-ev.de\/wp-content\/uploads\/2025\/02\/f04f4e0e-be89-4d91-9bc8-abb92d50dcb6-225x300.jpeg\" data-width=\"225\" data-height=\"300\" aria-label=\"\" role=\"img\" ><\/div>\n\t\t\t\t\t\t\t\t\t\t\t<div class=\"elementor-gallery-item__overlay\"><\/div>\n\t\t\t\t\t\t\t\t\t\t\t\t\t\t<\/a>\n\t\t\t\t\t<\/div>\n\t\t\t\t\t<\/div>\n\t\t\t\t<\/div>\n\t\t\t\t\t<\/div>\n\t\t\t\t<\/div>\n\t\t\t\t<\/div>\n\t\t","protected":false},"excerpt":{"rendered":"<p>Professionelle Hilfe in Ihrer N\u00e4he Professionelle Unterst\u00fctzung steht Ihnen in Ihrer N\u00e4he zur Verf\u00fcgung. Unser engagiertes Team von Fachleuten bietet ma\u00dfgeschneiderte Unterst\u00fctzung und Dienstleistungen, um Menschen mit Autismus zu helfen, ihr Potenzial voll auszusch\u00f6pfen. Egal, ob Sie Beratung, Therapie oder einfach jemanden zum Reden suchen, wir sind hier, um Ihnen [&hellip;]<\/p>\n","protected":false},"author":1,"featured_media":0,"parent":0,"menu_order":0,"comment_status":"closed","ping_status":"closed","template":"","meta":{"give_campaign_id":0,"_monsterinsights_skip_tracking":false,"_monsterinsights_sitenote_active":false,"_monsterinsights_sitenote_note":"","_monsterinsights_sitenote_category":0,"footnotes":""},"class_list":["post-2351","page","type-page","status-publish","hentry"],"aioseo_notices":[],"campaignId":"","_links":{"self":[{"href":"https:\/\/starke-eltern-ev.de\/index.php?rest_route=\/wp\/v2\/pages\/2351","targetHints":{"allow":["GET"]}}],"collection":[{"href":"https:\/\/starke-eltern-ev.de\/index.php?rest_route=\/wp\/v2\/pages"}],"about":[{"href":"https:\/\/starke-eltern-ev.de\/index.php?rest_route=\/wp\/v2\/types\/page"}],"author":[{"embeddable":true,"href":"https:\/\/starke-eltern-ev.de\/index.php?rest_route=\/wp\/v2\/users\/1"}],"replies":[{"embeddable":true,"href":"https:\/\/starke-eltern-ev.de\/index.php?rest_route=%2Fwp%2Fv2%2Fcomments&post=2351"}],"version-history":[{"count":0,"href":"https:\/\/starke-eltern-ev.de\/index.php?rest_route=\/wp\/v2\/pages\/2351\/revisions"}],"wp:attachment":[{"href":"https:\/\/starke-eltern-ev.de\/index.php?rest_route=%2Fwp%2Fv2%2Fmedia&parent=2351"}],"curies":[{"name":"wp","href":"https:\/\/api.w.org\/{rel}","templated":true}]}}